{"id":132,"date":"2016-09-06T14:12:48","date_gmt":"2016-09-06T05:12:48","guid":{"rendered":"http:\/\/kenzai-kaitori.net\/?page_id=132"},"modified":"2025-08-07T10:29:33","modified_gmt":"2025-08-07T01:29:33","slug":"page-132","status":"publish","type":"page","link":"https:\/\/kenzai-kaitori.net\/?page_id=132","title":{"rendered":"\u30b3\u30f3\u30d1\u30cd\u30fb\u5408\u677f\u3000\u2605\u8cb7\u53d6\u5f37\u5316\u4e2d\uff01"},"content":{"rendered":"\n<figure class=\"wp-block-image size-large\"><img decoding=\"async\" width=\"920\" height=\"300\" src=\"https:\/\/kenzai-kaitori.net\/wp-content\/uploads\/2021\/06\/tb-plywood.jpg\" alt=\"\u30b3\u30f3\u30d1\u30cd\u306e\u8cb7\u53d6\u306a\u3089\u3001\u500b\u4eba\u30fb\u696d\u8005\u3092\u554f\u308f\u305a1\u70b9\u304b\u3089\u3067\u3082\u300c\u5efa\u6750\u8cb7\u53d6\u5c02\u9580\u5e97\u304b\u3093\u3056\u3076\u308d\u3046\u300d\u304c\u9ad8\u4fa1\u8cb7\u53d6\u3044\u305f\u3057\u307e\u3059\u3002\" class=\"wp-image-2516\" srcset=\"https:\/\/kenzai-kaitori.net\/wp-content\/uploads\/2021\/06\/tb-plywood.jpg 920w, https:\/\/kenzai-kaitori.net\/wp-content\/uploads\/2021\/06\/tb-plywood-300x98.jpg 300w, https:\/\/kenzai-kaitori.net\/wp-content\/uploads\/2021\/06\/tb-plywood-768x250.jpg 768w\" sizes=\"(max-width: 920px) 100vw, 920px\" \/><\/figure>\n\n\n\n<h1 class=\"wp-block-heading\">\u30b3\u30f3\u30d1\u30cd\u30fb\u5408\u677f\u8cb7\u53d6<\/h1>\n\n\n\n<p>\u30b3\u30f3\u30d1\u30cd\uff08\u30b3\u30f3\u30af\u30ea\u30fc\u30c8\u578b\u67a0\u7528\u5408\u677f\uff09\u306e\u8cb7\u53d6\u3092\u884c\u3063\u3066\u304a\u308a\u307e\u3059\u3002<br>\u5ec3\u6750\u3068\u3057\u3066\u6b8b\u3063\u305f\u30b3\u30f3\u30d1\u30cd\u3082\u3001\uff24\uff29\uff39\u306a\u3089\u672c\u68da\u3001\u30e9\u30c3\u30af\u3001\u4f5c\u696d\u673a\u306a\u3069\u3092\u4f5c\u3063\u305f\u308a\u3068\u9700\u8981\u304c\u3042\u308a\u307e\u3059\u3088\uff01<br>\u5efa\u8a2d\u73fe\u5834\u306b\u5927\u91cf\u306b\u6b8b\u3063\u305f\u30b3\u30f3\u30d1\u30cd\u304c\u3054\u3056\u3044\u307e\u3057\u305f\u3089\u3001\u305c\u3072\u3001\u9451\u4e09\u6717\u3078\u8cb7\u53d6\u3092\u3054\u76f8\u8ac7\u4e0b\u3055\u3044\u3002<\/p>\n\n\n\n<p><span style=\"color: #ff0000;\"><strong>\u2605\u30b3\u30f3\u30d1\u30cd\u306f\u8cb7\u53d6\u5f37\u5316\u4e2d\u3067\u3059\uff01\uff01<\/strong><\/span><\/p>\n\n\n\n<h2 class=\"wp-block-heading\">\u30b3\u30f3\u30d1\u30cd\u30fb\u5408\u677f\u30fb\u3079\u30cb\u30a2\u677f\u306e\u9055\u3044<\/h2>\n\n\n\n<p><strong>\u30fb\u30b3\u30f3\u30d1\u30cd<\/strong><br>\u30b3\u30f3\u30d1\u30cd\u3068\u306f\u5408\u677f\u306e\uff11\u7a2e\u3067\u3001\u30b3\u30f3\u30af\u30ea\u30fc\u30c8\u3092\u6d41\u3057\u8fbc\u3080\u969b\u3001\u30b3\u30f3\u30af\u30ea\u30fc\u30c8\u578b\u67a0\u3068\u3057\u3066\u4f7f\u7528\u3055\u308c\u308b\u3082\u306e\u3092\u8a00\u3044\u307e\u3059\u3002\u30d5\u30eb\u30cd\u30fc\u30e0\u306f\u30b3\u30f3\u30af\u30ea\u30fc\u30c8\u30d1\u30cd\u30eb\u3068\u547c\u3070\u308c\u3066\u304a\u308a\u3001\u3053\u308c\u3092\u7565\u3057\u3066\u30b3\u30f3\u30d1\u30cd\u3068\u547c\u3073\u307e\u3059\u3002<\/p>\n\n\n\n<p><strong>\u30fb\u5408\u677f<\/strong><br>\u5408\u677f\u3068\u306f\u3001\u30d9\u30cb\u30e4\u677f\u3092\u63a5\u7740\u5264\u3067\u7a4d\u5c64\u3057\u3066\u3067\u304d\u305f\u677f\u306e\u3053\u3068\u3067\u3059\u3002\u30d9\u30cb\u30e4\u3092\u4f55\u679a\u3082\u7e4a\u7dad\u65b9\u5411\u304c\u4ea4\u4e92\u306b\u306a\u308b\u3088\u3046\u306b\u63a5\u7740\u3057\u5f37\u5ea6\u3092\u4e0a\u3052\u3066\u3044\u307e\u3059\u3002\u539a\u3055\u306f\u7528\u9014\u306b\u3088\u3063\u3066\u69d8\u3005\u3042\u308a\u3001\u57fa\u672c\u7684\u306b\u306f\uff19mm\u30fb\uff11\uff12mm\u304c\u30e1\u30a4\u30f3\u3067\u53d6\u308a\u6271\u308f\u308c\u308b\u3053\u3068\u304c\u591a\u3044\u3067\u3059\u3002\u677f\u306e\u30b5\u30a4\u30ba\u306f\u30b5\u30d6\u30ed\u30af\u30b5\u30a4\u30ba\u3068\u547c\u3070\u308c\u308b\u3001\uff19\uff11\uff10\u00d7\uff11\uff18\uff12\uff10mm\u304c\u57fa\u672c\u3068\u306a\u3063\u3066\u3044\u307e\u3059\u3002<\/p>\n\n\n\n<p><strong>\u30fb\u30d9\u30cb\u30e4\u677f<\/strong><br>\u30d9\u30cb\u30e4\u677f\u3068\u306f\u3001\u6728\u306e\u4e38\u592a\u3092\u5265\u3044\u3066\u4f5c\u3063\u305f\u8584\u3044\u677f\u306e\u3053\u3068\u3067\u3059\u3002\u539a\u3055\u304c\uff10.\uff16~\uff13mm\u7a0b\u5ea6\u306e\u5358\u5c64\uff08\uff11\u679a\uff09\u306e\u3082\u306e\u3092\u30d9\u30cb\u30e4\u3068\u547c\u3073\u3001\u30db\u30fc\u30e0\u30bb\u30f3\u30bf\u30fc\u3067\u306f\u30e9\u30ef\u30f3\u6750\u306e\u30d9\u30cb\u30e4\u304c\u591a\u304f\u6d41\u901a\u3057\u3066\u3044\u307e\u3059\u3002<\/p>\n\n\n\n<h2 class=\"wp-block-heading\">\u8cb7\u53d6\u5bfe\u8c61\u306e\u30b3\u30f3\u30d1\u30cd\u30fb\u5408\u677f\uff08\u30b5\u30a4\u30ba\uff09<\/h2>\n\n\n\n<p><strong>\u30fb\u30e9\u30ef\u30f3\u5408\u677f<\/strong><br>2.5mm\u00d7910\u00d71820<br>4mm\u00d7910\u00d71820<br>5.5mm\u00d7910\u00d71820<br>9mm\u00d7910\u00d71820<\/p>\n\n\n\n<p><strong>\u30fb\u30b3\u30f3\u30d1\u30cd<\/strong><br>12mm\u00d7900\u00d71800\u3001\u4e0b\u5730\u752812mm<\/p>\n\n\n\n<p><strong>\u30fb\u91dd\u8449\u6a39\u5408\u677f<\/strong><br>12mm\u00d7910\u00d71820\u300124mm\u300128mm\u5b9f\u4ed8\u304d<\/p>\n\n\n\n<p><strong>\u30fb\u30d7\u30ea\u30f3\u30c8\u5408\u677f<\/strong><br>4mm\u00d72\u5c3a\u00d78\u5c3a<\/p>\n\n\n\n<p><strong>\u30fb\u30b7\u30ca\u30d9\u30cb\u30e4<\/strong><br>4mm\u30015.5mm<\/p>\n\n\n\n<p><strong>\u30fb\u30e9\u30ef\u30f3\u30e9\u30f3\u30d0\u30fc\u5408\u677f<\/strong><br>15mm\u300124mm\u3001\u305d\u306e\u4ed6<\/p>\n\n\n\n<h2 class=\"wp-block-heading\">\u30b3\u30f3\u30d1\u30cd\u30fb\u5408\u677f\u306e\u9ad8\u4fa1\u8cb7\u53d6\u30dd\u30a4\u30f3\u30c8<\/h2>\n\n\n\n<ul class=\"wp-block-list\">\n<li>\u5916\u898b\u306b\u7834\u640d\u3084\u5909\u5f62\u304c\u306a\u3044\u3082\u306e<br>\u203b\u4e0a\u8a18\u4ee5\u5916\u306b\u3082\u70b9\u6570\u304c\u5897\u3048\u308b\u307b\u3069\u3001\u67fb\u5b9a\u984d\u304c\u3042\u304c\u308a\u307e\u3059\u3002<\/li>\n<\/ul>\n\n\n\n<p>\u3010\u53c2\u8003\u8cb7\u53d6\u4fa1\u683c\u3011<\/p>\n\n\n\n<p>\u30fb3\u00d76 12\u339c\u30fb\u30fb\u30fb\uff11\u679a100\u5186\u524d\u5f8c<\/p>\n\n\n\n<figure class=\"wp-block-image size-large\"><img decoding=\"async\" width=\"1024\" height=\"683\" src=\"https:\/\/kenzai-kaitori.net\/wp-content\/uploads\/2021\/06\/plywood-kaitori000.jpg\" alt=\"\u30b3\u30f3\u30d1\u30cd\u8cb7\u53d6\u5f37\u5316\u4e2d\" class=\"wp-image-2512\" srcset=\"https:\/\/kenzai-kaitori.net\/wp-content\/uploads\/2021\/06\/plywood-kaitori000.jpg 1024w, https:\/\/kenzai-kaitori.net\/wp-content\/uploads\/2021\/06\/plywood-kaitori000-300x200.jpg 300w, https:\/\/kenzai-kaitori.net\/wp-content\/uploads\/2021\/06\/plywood-kaitori000-768x512.jpg 768w\" sizes=\"(max-width: 1024px) 100vw, 1024px\" \/><\/figure>\n\n\n\n<h2 class=\"wp-block-heading\">\u30b3\u30f3\u30d1\u30cd\u30fb\u5408\u677f\u306e\u8cb7\u53d6\u5b9f\u7e3e<\/h2>\n\n\n\n<figure class=\"wp-block-gallery has-nested-images columns-2 is-cropped wp-block-gallery-1 is-layout-flex wp-block-gallery-is-layout-flex\">\n<figure class=\"wp-block-image size-large\"><img decoding=\"async\" width=\"700\" height=\"467\" data-id=\"2515\" src=\"https:\/\/kenzai-kaitori.net\/wp-content\/uploads\/2021\/06\/plywood-kaitori003.jpg\" alt=\"\u672a\u4f7f\u7528 \u30b3\u30f3\u30d1\u30cd \u5408\u677f 3\u00d76\u30b5\u30a4\u30ba \u539a\u30551.2mm 100\u679a\uff082019\u5e744\u6708\u8cb7\u53d6\" class=\"wp-image-2515\" srcset=\"https:\/\/kenzai-kaitori.net\/wp-content\/uploads\/2021\/06\/plywood-kaitori003.jpg 700w, https:\/\/kenzai-kaitori.net\/wp-content\/uploads\/2021\/06\/plywood-kaitori003-300x200.jpg 300w\" sizes=\"(max-width: 700px) 100vw, 700px\" \/><figcaption class=\"wp-element-caption\">\u672a\u4f7f\u7528 \u30b3\u30f3\u30d1\u30cd \u5408\u677f 3\u00d76\u30b5\u30a4\u30ba \u539a\u30551.2mm 100\u679a\uff082019\u5e744\u6708\u8cb7\u53d6<\/figcaption><\/figure>\n\n\n\n<figure class=\"wp-block-image size-large\"><img decoding=\"async\" width=\"1024\" height=\"683\" data-id=\"2514\" src=\"https:\/\/kenzai-kaitori.net\/wp-content\/uploads\/2021\/06\/plywood-kaitori002-1024x683.jpg\" alt=\"\u30b3\u30f3\u30d1\u30cd \u672a\u4f7f\u7528 3\u00d76 \u5dfe91cm\u00d7\u9577\u3055182cm\u00d7\u539a\u30552.4cm \u30b5\u30cd\u306a\u30576\u679a \u30b5\u30cd\u3042\u308a3\u679a \u8a089\u679a\uff082019\u5e745\u6708\u8cb7\u53d6\uff09\" class=\"wp-image-2514\" srcset=\"https:\/\/kenzai-kaitori.net\/wp-content\/uploads\/2021\/06\/plywood-kaitori002-1024x683.jpg 1024w, https:\/\/kenzai-kaitori.net\/wp-content\/uploads\/2021\/06\/plywood-kaitori002-300x200.jpg 300w, https:\/\/kenzai-kaitori.net\/wp-content\/uploads\/2021\/06\/plywood-kaitori002-768x512.jpg 768w, https:\/\/kenzai-kaitori.net\/wp-content\/uploads\/2021\/06\/plywood-kaitori002.jpg 1200w\" sizes=\"(max-width: 1024px) 100vw, 1024px\" \/><figcaption class=\"wp-element-caption\">\u30b3\u30f3\u30d1\u30cd \u672a\u4f7f\u7528 3\u00d76 \u5dfe91cm\u00d7\u9577\u3055182cm\u00d7\u539a\u30552.4cm \u30b5\u30cd\u306a\u30576\u679a \u30b5\u30cd\u3042\u308a3\u679a \u8a089\u679a\uff082019\u5e745\u6708\u8cb7\u53d6\uff09<\/figcaption><\/figure>\n\n\n\n<figure class=\"wp-block-image size-large\"><img decoding=\"async\" width=\"1024\" height=\"683\" data-id=\"2513\" src=\"https:\/\/kenzai-kaitori.net\/wp-content\/uploads\/2021\/06\/plywood-kaitori001-1024x683.jpg\" alt=\"\u672a\u4f7f\u7528 \u30b3\u30f3\u30d1\u30cd 3\uff586 22\u679a \u5408\u677f \u5e4590cm\u00d7\u9577\u3055180cm\u00d7\u539a\u30551.2cm\uff082019\u5e748\u6708\u8cb7\u53d6\uff09\" class=\"wp-image-2513\" srcset=\"https:\/\/kenzai-kaitori.net\/wp-content\/uploads\/2021\/06\/plywood-kaitori001-1024x683.jpg 1024w, https:\/\/kenzai-kaitori.net\/wp-content\/uploads\/2021\/06\/plywood-kaitori001-300x200.jpg 300w, https:\/\/kenzai-kaitori.net\/wp-content\/uploads\/2021\/06\/plywood-kaitori001-768x512.jpg 768w, https:\/\/kenzai-kaitori.net\/wp-content\/uploads\/2021\/06\/plywood-kaitori001.jpg 1200w\" sizes=\"(max-width: 1024px) 100vw, 1024px\" \/><figcaption class=\"wp-element-caption\">\u672a\u4f7f\u7528 \u30b3\u30f3\u30d1\u30cd 3\uff586 22\u679a \u5408\u677f \u5e4590cm\u00d7\u9577\u3055180cm\u00d7\u539a\u30551.2cm\uff082019\u5e748\u6708\u8cb7\u53d6\uff09<\/figcaption><\/figure>\n<\/figure>\n\n\n\n<h2 class=\"wp-block-heading\">\u30d9\u30cb\u30e4\u677f\u30fb\u5408\u677f\u306e\u5ec3\u68c4\u65b9\u6cd5<\/h2>\n\n\n\n<p>\u3054\u5bb6\u5ead\u3067DIY\u3057\u305f\u969b\u306b\u4f59\u3063\u3066\u3057\u307e\u3063\u305f\u30d9\u30cb\u30e4\u677f\u3001\u5408\u677f\u306e\u51e6\u5206\u65b9\u6cd5\u306b\u56f0\u3063\u3066\u3044\u308b\u65b9\u306f\u591a\u3044\u3068\u601d\u3044\u307e\u3059\u3002\u51e6\u5206\u65b9\u6cd5\u306b\u306f\u5927\u304d\u304f\u5206\u3051\u3066\u300c\u7c97\u5927\u30b4\u30df\u3068\u3057\u3066\u51e6\u5206\u300d\u300c\u7523\u5ec3\u696d\u8005\u306b\u5f15\u304d\u53d6\u3063\u3066\u3082\u3089\u3046\u300d\u300c\u30b4\u30df\u51e6\u7406\u5834\u3078\u6301\u3061\u8fbc\u307f\u300d\u306e\u4e09\u7a2e\u985e\u306e\u65b9\u6cd5\u304c\u3042\u308a\u307e\u3059\u3002\u3057\u304b\u3057\u3001\u3069\u306e\u65b9\u6cd5\u3082\u8cbb\u7528\u304c\u639b\u304b\u3063\u3066\u3057\u307e\u3044\u3001\u304a\u91d1\u3092\u639b\u3051\u305a\u306b\u51e6\u5206\u3057\u305f\u3044\u3068\u3044\u3046\u65b9\u306b\u306f\u4e0d\u5411\u304d\u3067\u3059\u3002<br>\u305d\u3053\u3067\u3001\u5ec3\u68c4\u3059\u308b\u524d\u306b\u4e00\u5ea6\u8cb7\u53d6\u696d\u8005\u306b\u8cb7\u53d6\u3092\u4f9d\u983c\u3059\u308b\u65b9\u6cd5\u304c\u3042\u308a\u307e\u3059\u3002\u8cb7\u53d6\u3067\u9006\u306b\u304a\u91d1\u304c\u3082\u3089\u3048\u308b\u30c1\u30e3\u30f3\u30b9\uff01\u9451\u4e09\u6717\u306a\u3089\u7121\u6599\u5f15\u304d\u53d6\u308a\u304c\u53ef\u80fd\u3067\u3001\u5c02\u9580\u306e\u30b9\u30bf\u30c3\u30d5\u304c\u304a\u4f3a\u3044\u3057\u904b\u3073\u51fa\u3057\u307e\u3067\u884c\u3046\u305f\u3081\u624b\u9593\u304c\u304b\u304b\u308a\u307e\u305b\u3093\u3002\u3057\u304b\u3057\u5546\u54c1\u306e\u72b6\u614b\u306b\u3088\u3063\u3066\u306f\u8cb7\u3044\u53d6\u308c\u306a\u3044\u5834\u5408\u304c\u3042\u308b\u305f\u3081\u3001\u4e00\u5ea6\u67fb\u5b9a\u306b\u304a\u7533\u8fbc\u307f\u4e0b\u3055\u3044\u3002<\/p>\n","protected":false},"excerpt":{"rendered":"<p>\u30b3\u30f3\u30d1\u30cd\u30fb\u5408\u677f\u8cb7\u53d6 \u30b3\u30f3\u30d1\u30cd\uff08\u30b3\u30f3\u30af\u30ea\u30fc\u30c8\u578b\u67a0\u7528\u5408\u677f\uff09\u306e\u8cb7\u53d6\u3092\u884c\u3063\u3066\u304a\u308a\u307e\u3059\u3002\u5ec3 &#8230; <\/p>\n","protected":false},"author":1,"featured_media":2134,"parent":169,"menu_order":22,"comment_status":"closed","ping_status":"closed","template":"page-non-title.php","meta":{"footnotes":""},"class_list":["post-132","page","type-page","status-publish","has-post-thumbnail","hentry"],"_links":{"self":[{"href":"https:\/\/kenzai-kaitori.net\/index.php?rest_route=\/wp\/v2\/pages\/132","targetHints":{"allow":["GET"]}}],"collection":[{"href":"https:\/\/kenzai-kaitori.net\/index.php?rest_route=\/wp\/v2\/pages"}],"about":[{"href":"https:\/\/kenzai-kaitori.net\/index.php?rest_route=\/wp\/v2\/types\/page"}],"author":[{"embeddable":true,"href":"https:\/\/kenzai-kaitori.net\/index.php?rest_route=\/wp\/v2\/users\/1"}],"replies":[{"embeddable":true,"href":"https:\/\/kenzai-kaitori.net\/index.php?rest_route=%2Fwp%2Fv2%2Fcomments&post=132"}],"version-history":[{"count":6,"href":"https:\/\/kenzai-kaitori.net\/index.php?rest_route=\/wp\/v2\/pages\/132\/revisions"}],"predecessor-version":[{"id":4069,"href":"https:\/\/kenzai-kaitori.net\/index.php?rest_route=\/wp\/v2\/pages\/132\/revisions\/4069"}],"up":[{"embeddable":true,"href":"https:\/\/kenzai-kaitori.net\/index.php?rest_route=\/wp\/v2\/pages\/169"}],"wp:featuredmedia":[{"embeddable":true,"href":"https:\/\/kenzai-kaitori.net\/index.php?rest_route=\/wp\/v2\/media\/2134"}],"wp:attachment":[{"href":"https:\/\/kenzai-kaitori.net\/index.php?rest_route=%2Fwp%2Fv2%2Fmedia&parent=132"}],"curies":[{"name":"wp","href":"https:\/\/api.w.org\/{rel}","templated":true}]}}